{"id":714,"date":"2024-12-17T23:32:22","date_gmt":"2024-12-17T23:32:22","guid":{"rendered":"https:\/\/foundervideo.com\/?page_id=714"},"modified":"2025-04-22T12:07:38","modified_gmt":"2025-04-22T12:07:38","slug":"condiciones","status":"publish","type":"page","link":"https:\/\/foundervideo.com\/es\/condiciones\/","title":{"rendered":"Condiciones generales"},"content":{"rendered":"<h3 class=\"wp-block-heading\">1. Introducci\u00f3n<\/h3>\n\n\n\n<p>\u00a1Bienvenido a FounderVideo! Estos T\u00e9rminos y Condiciones rigen el uso de nuestro sitio web, ubicado en foundervideo.com. Al acceder o utilizar nuestro sitio web, usted acepta cumplir y estar obligado por estos t\u00e9rminos. Si no est\u00e1 de acuerdo con alguna parte de estos t\u00e9rminos, no debe utilizar nuestro sitio web.<\/p>\n\n\n\n<h3 class=\"wp-block-heading\">2. Uso del sitio web<\/h3>\n\n\n\n<p>Usted se compromete a utilizar el sitio web \u00fanicamente con fines l\u00edcitos y de manera que no infrinja los derechos de terceros ni restrinja su uso.<\/p>\n\n\n\n<h3 class=\"wp-block-heading\">3. 3. Propiedad intelectual<\/h3>\n\n\n\n<p>Todo el contenido de este sitio web, incluyendo pero no limitado a texto, gr\u00e1ficos, logotipos, im\u00e1genes y software, es propiedad de FounderVideo o sus licenciantes y est\u00e1 protegido por las leyes aplicables de derechos de autor y marcas registradas. Usted no puede reproducir, distribuir o utilizar cualquier contenido sin el consentimiento previo por escrito.<\/p>\n\n\n\n<h3 class=\"wp-block-heading\">4. Limitaci\u00f3n de responsabilidad<\/h3>\n\n\n\n<p>FounderVideo no se hace responsable de los da\u00f1os derivados del uso del sitio web. Esto incluye, pero no se limita a, da\u00f1os directos, indirectos, incidentales o consecuentes.<\/p>\n\n\n\n<h3 class=\"wp-block-heading\">5. Enlaces a otros sitios web<\/h3>\n\n\n\n<p>Nuestro sitio web puede contener enlaces a sitios web de terceros. No nos hacemos responsables del contenido o las pr\u00e1cticas de estos sitios web y recomendamos revisar sus t\u00e9rminos y condiciones antes de utilizarlos.<\/p>\n\n\n\n<h3 class=\"wp-block-heading\">6. 6. Pol\u00edtica de privacidad<\/h3>\n\n\n\n<p>El uso de nuestro sitio web tambi\u00e9n se rige por nuestra Pol\u00edtica de privacidad, que describe c\u00f3mo recopilamos, utilizamos y protegemos su informaci\u00f3n personal. Puede consultarla aqu\u00ed: https:\/\/foundervideo.comen\/privacy-policy.<\/p>\n\n\n\n<h3 class=\"wp-block-heading\">7. Modificaciones de las presentes condiciones<\/h3>\n\n\n\n<p>Nos reservamos el derecho a actualizar o modificar estas Condiciones en cualquier momento y sin previo aviso. Su uso continuado del sitio web despu\u00e9s de cualquier cambio constituye la aceptaci\u00f3n de los t\u00e9rminos revisados.<\/p>\n\n\n\n<h3 class=\"wp-block-heading\">8. Derecho aplicable<\/h3>\n\n\n\n<p>Estos T\u00e9rminos y Condiciones se rigen e interpretan de acuerdo con las leyes de Delaware, Estados Unidos.<\/p>\n\n\n\n<h3 class=\"wp-block-heading\">9. Contacto<\/h3>\n\n\n\n<p>Si tiene alguna pregunta sobre estas Condiciones, puede ponerse en contacto con nosotros en:<\/p>\n\n\n\n<p>support@foundervideo.io<\/p>\n\n\n\n<p><br><\/p>","protected":false},"excerpt":{"rendered":"<p>1. Introduction Welcome to FounderVideo! These Terms and Conditions govern your use of our website, located at foundervideo.com. By accessing or using our website, you agree to comply with and be bound by these terms. If you disagree with any part of these terms, you must not use our website. 2. Use of the Website [&hellip;]<\/p>\n","protected":false},"author":8,"featured_media":0,"parent":0,"menu_order":0,"comment_status":"closed","ping_status":"closed","template":"legal.php","meta":{"_acf_changed":false,"inline_featured_image":false,"footnotes":""},"class_list":["post-714","page","type-page","status-publish","hentry"],"acf":[],"_links":{"self":[{"href":"https:\/\/foundervideo.com\/es\/wp-json\/wp\/v2\/pages\/714","targetHints":{"allow":["GET"]}}],"collection":[{"href":"https:\/\/foundervideo.com\/es\/wp-json\/wp\/v2\/pages"}],"about":[{"href":"https:\/\/foundervideo.com\/es\/wp-json\/wp\/v2\/types\/page"}],"author":[{"embeddable":true,"href":"https:\/\/foundervideo.com\/es\/wp-json\/wp\/v2\/users\/8"}],"replies":[{"embeddable":true,"href":"https:\/\/foundervideo.com\/es\/wp-json\/wp\/v2\/comments?post=714"}],"version-history":[{"count":18,"href":"https:\/\/foundervideo.com\/es\/wp-json\/wp\/v2\/pages\/714\/revisions"}],"predecessor-version":[{"id":852,"href":"https:\/\/foundervideo.com\/es\/wp-json\/wp\/v2\/pages\/714\/revisions\/852"}],"wp:attachment":[{"href":"https:\/\/foundervideo.com\/es\/wp-json\/wp\/v2\/media?parent=714"}],"curies":[{"name":"wp","href":"https:\/\/api.w.org\/{rel}","templated":true}]}}