{"id":712,"date":"2024-12-17T23:31:50","date_gmt":"2024-12-17T23:31:50","guid":{"rendered":"https:\/\/foundervideo.com\/?page_id=712"},"modified":"2025-04-22T12:07:37","modified_gmt":"2025-04-22T12:07:37","slug":"politica-de-privacidad","status":"publish","type":"page","link":"https:\/\/foundervideo.com\/es\/politica-de-privacidad\/","title":{"rendered":"Pol\u00edtica de privacidad"},"content":{"rendered":"<h2 class=\"wp-block-heading\">Pol\u00edtica de privacidad de FounderVideo<\/h2>\n\n\n\n<p>Esta pol\u00edtica de privacidad describe c\u00f3mo recogemos, utilizamos y protegemos sus datos personales en relaci\u00f3n con nuestro sitio web y nuestros servicios.<\/p>\n\n\n\n<h3 class=\"wp-block-heading\">Introducci\u00f3n<\/h3>\n\n\n\n<p>Esta pol\u00edtica se aplica cuando FounderVideo act\u00faa como controlador de datos con respecto a los datos personales de los visitantes de nuestro sitio web y los usuarios del servicio. Detalla c\u00f3mo manejamos sus datos personales y sus derechos de privacidad.<\/p>\n\n\n\n<h3 class=\"wp-block-heading\">Recogida de datos<\/h3>\n\n\n\n<p>Recogemos varios tipos de datos personales, entre los que se incluyen:<\/p>\n\n\n\n<p>-&nbsp;&nbsp;&nbsp;&nbsp;&nbsp;&nbsp;&nbsp;&nbsp;<strong>Datos de identidad:<\/strong>&nbsp;Como tu nombre y tu nombre de usuario.<\/p>\n\n\n\n<p>-&nbsp;&nbsp;&nbsp;&nbsp;&nbsp;&nbsp;&nbsp;&nbsp;<strong>Datos de contacto:<\/strong>&nbsp;Incluida la direcci\u00f3n de correo electr\u00f3nico y los n\u00fameros de tel\u00e9fono.<\/p>\n\n\n\n<p>-&nbsp;&nbsp;&nbsp;&nbsp;&nbsp;&nbsp;&nbsp;&nbsp;<strong>Datos t\u00e9cnicos:<\/strong>&nbsp;Como la direcci\u00f3n IP, los tipos de navegador y el sistema operativo.<\/p>\n\n\n\n<p>-&nbsp;&nbsp;&nbsp;&nbsp;&nbsp;&nbsp;&nbsp;&nbsp;<strong>Datos de uso:<\/strong>&nbsp;Informaci\u00f3n sobre c\u00f3mo utiliza nuestro sitio web y nuestros servicios.<\/p>\n\n\n\n<h3 class=\"wp-block-heading\">Uso de datos<\/h3>\n\n\n\n<p>Utilizamos sus datos para fines tales como<\/p>\n\n\n\n<p>- Para registrarse y gestionar su cuenta.<\/p>\n\n\n\n<p>- Para prestar y mejorar nuestros servicios.<\/p>\n\n\n\n<p>- Para atenci\u00f3n al cliente y comunicaci\u00f3n.<\/p>\n\n\n\n<p>- Con fines de marketing y promoci\u00f3n, de acuerdo con sus preferencias.<\/p>\n\n\n\n<h3 class=\"wp-block-heading\">Seguridad de los datos<\/h3>\n\n\n\n<p>Nos comprometemos a proteger sus datos contra el acceso, la alteraci\u00f3n, la divulgaci\u00f3n o la destrucci\u00f3n no autorizados. Aplicamos diversas medidas de seguridad para garantizar la seguridad de los datos.<\/p>\n\n\n\n<h3 class=\"wp-block-heading\">Conservaci\u00f3n de datos<\/h3>\n\n\n\n<p>Sus datos personales se conservan s\u00f3lo el tiempo necesario para los fines establecidos en esta pol\u00edtica o seg\u00fan lo exija la ley.<\/p>\n\n\n\n<h3 class=\"wp-block-heading\">Sus derechos<\/h3>\n\n\n\n<p>Usted tiene derechos en relaci\u00f3n con sus datos, como el acceso, la rectificaci\u00f3n, la supresi\u00f3n y el derecho a retirar el consentimiento.<\/p>\n\n\n\n<h3 class=\"wp-block-heading\">Enlaces a terceros<\/h3>\n\n\n\n<p>Nuestro sitio web puede contener enlaces a sitios externos. No somos responsables de las pr\u00e1cticas de privacidad de estos sitios.<\/p>\n\n\n\n<h3 class=\"wp-block-heading\">Actualizaciones pol\u00edticas<\/h3>\n\n\n\n<p>Es posible que actualicemos esta pol\u00edtica de vez en cuando. La \u00faltima versi\u00f3n estar\u00e1 siempre disponible en nuestro sitio web.<\/p>\n\n\n\n<p>Para m\u00e1s informaci\u00f3n o si tiene alguna pregunta relacionada con la privacidad, p\u00f3ngase en contacto con nosotros en support@foundervideo.io.<\/p>","protected":false},"excerpt":{"rendered":"<p>FounderVideo Privacy Policy This privacy policy outlines how we collect, use, and protect your personal data in connection with our website and services. Introduction This policy applies where FounderVideo is acting as a data controller with respect to the personal data of our website visitors and service users. It details how we handle your personal [&hellip;]<\/p>\n","protected":false},"author":8,"featured_media":0,"parent":0,"menu_order":0,"comment_status":"closed","ping_status":"closed","template":"legal.php","meta":{"_acf_changed":false,"inline_featured_image":false,"footnotes":""},"class_list":["post-712","page","type-page","status-publish","hentry"],"acf":[],"_links":{"self":[{"href":"https:\/\/foundervideo.com\/es\/wp-json\/wp\/v2\/pages\/712","targetHints":{"allow":["GET"]}}],"collection":[{"href":"https:\/\/foundervideo.com\/es\/wp-json\/wp\/v2\/pages"}],"about":[{"href":"https:\/\/foundervideo.com\/es\/wp-json\/wp\/v2\/types\/page"}],"author":[{"embeddable":true,"href":"https:\/\/foundervideo.com\/es\/wp-json\/wp\/v2\/users\/8"}],"replies":[{"embeddable":true,"href":"https:\/\/foundervideo.com\/es\/wp-json\/wp\/v2\/comments?post=712"}],"version-history":[{"count":12,"href":"https:\/\/foundervideo.com\/es\/wp-json\/wp\/v2\/pages\/712\/revisions"}],"predecessor-version":[{"id":1436,"href":"https:\/\/foundervideo.com\/es\/wp-json\/wp\/v2\/pages\/712\/revisions\/1436"}],"wp:attachment":[{"href":"https:\/\/foundervideo.com\/es\/wp-json\/wp\/v2\/media?parent=712"}],"curies":[{"name":"wp","href":"https:\/\/api.w.org\/{rel}","templated":true}]}}